{"id":1011,"date":"2026-03-13T11:57:36","date_gmt":"2026-03-13T10:57:36","guid":{"rendered":"https:\/\/baukrane.empressia.dev\/?page_id=1011"},"modified":"2026-03-13T11:57:50","modified_gmt":"2026-03-13T10:57:50","slug":"ogolne-warunki-najmu-zurawi","status":"publish","type":"page","link":"https:\/\/baukrane.pl\/sk\/ogolne-warunki-najmu-zurawi\/","title":{"rendered":"V\u0161eobecn\u00e9 podmienky pren\u00e1jmu \u017eeriavov"},"content":{"rendered":"","protected":false},"excerpt":{"rendered":"","protected":false},"author":2,"featured_media":0,"parent":0,"menu_order":0,"comment_status":"closed","ping_status":"closed","template":"","meta":{"_acf_changed":false,"footnotes":""},"class_list":["post-1011","page","type-page","status-publish","hentry"],"acf":[],"yoast_head":"<!-- This site is optimized with the Yoast SEO plugin v27.4 - https:\/\/yoast.com\/product\/yoast-seo-wordpress\/ -->\n<title>Og\u00f3lne Warunki Najmu \u017burawi - Baukrane<\/title>\n<meta name=\"robots\" content=\"index, follow, max-snippet:-1, max-image-preview:large, max-video-preview:-1\" \/>\n<link rel=\"canonical\" href=\"https:\/\/baukrane.pl\/sk\/ogolne-warunki-najmu-zurawi\/\" \/>\n<meta property=\"og:locale\" content=\"sk_SK\" \/>\n<meta property=\"og:type\" content=\"article\" \/>\n<meta property=\"og:title\" content=\"Og\u00f3lne Warunki Najmu \u017burawi - Baukrane\" \/>\n<meta property=\"og:url\" content=\"https:\/\/baukrane.pl\/sk\/ogolne-warunki-najmu-zurawi\/\" \/>\n<meta property=\"og:site_name\" content=\"Baukrane\" \/>\n<meta property=\"article:modified_time\" content=\"2026-03-13T10:57:50+00:00\" \/>\n<meta name=\"twitter:card\" content=\"summary_large_image\" \/>\n<script type=\"application\/ld+json\" class=\"yoast-schema-graph\">{\"@context\":\"https:\\\/\\\/schema.org\",\"@graph\":[{\"@type\":\"WebPage\",\"@id\":\"https:\\\/\\\/baukrane.pl\\\/ogolne-warunki-najmu-zurawi\\\/\",\"url\":\"https:\\\/\\\/baukrane.pl\\\/ogolne-warunki-najmu-zurawi\\\/\",\"name\":\"Og\u00f3lne Warunki Najmu \u017burawi - Baukrane\",\"isPartOf\":{\"@id\":\"https:\\\/\\\/baukrane.pl\\\/#website\"},\"datePublished\":\"2026-03-13T10:57:36+00:00\",\"dateModified\":\"2026-03-13T10:57:50+00:00\",\"breadcrumb\":{\"@id\":\"https:\\\/\\\/baukrane.pl\\\/ogolne-warunki-najmu-zurawi\\\/#breadcrumb\"},\"inLanguage\":\"sk-SK\",\"potentialAction\":[{\"@type\":\"ReadAction\",\"target\":[\"https:\\\/\\\/baukrane.pl\\\/ogolne-warunki-najmu-zurawi\\\/\"]}]},{\"@type\":\"BreadcrumbList\",\"@id\":\"https:\\\/\\\/baukrane.pl\\\/ogolne-warunki-najmu-zurawi\\\/#breadcrumb\",\"itemListElement\":[{\"@type\":\"ListItem\",\"position\":1,\"name\":\"Strona g\u0142\u00f3wna\",\"item\":\"https:\\\/\\\/baukrane.pl\\\/\"},{\"@type\":\"ListItem\",\"position\":2,\"name\":\"Og\u00f3lne Warunki Najmu \u017burawi\"}]},{\"@type\":\"WebSite\",\"@id\":\"https:\\\/\\\/baukrane.pl\\\/#website\",\"url\":\"https:\\\/\\\/baukrane.pl\\\/\",\"name\":\"Baukrane\",\"description\":\"\",\"potentialAction\":[{\"@type\":\"SearchAction\",\"target\":{\"@type\":\"EntryPoint\",\"urlTemplate\":\"https:\\\/\\\/baukrane.pl\\\/?s={search_term_string}\"},\"query-input\":{\"@type\":\"PropertyValueSpecification\",\"valueRequired\":true,\"valueName\":\"search_term_string\"}}],\"inLanguage\":\"sk-SK\"}]}<\/script>\n<!-- \/ Yoast SEO plugin. -->","yoast_head_json":{"title":"Og\u00f3lne Warunki Najmu \u017burawi - Baukrane","robots":{"index":"index","follow":"follow","max-snippet":"max-snippet:-1","max-image-preview":"max-image-preview:large","max-video-preview":"max-video-preview:-1"},"canonical":"https:\/\/baukrane.pl\/sk\/ogolne-warunki-najmu-zurawi\/","og_locale":"sk_SK","og_type":"article","og_title":"Og\u00f3lne Warunki Najmu \u017burawi - Baukrane","og_url":"https:\/\/baukrane.pl\/sk\/ogolne-warunki-najmu-zurawi\/","og_site_name":"Baukrane","article_modified_time":"2026-03-13T10:57:50+00:00","twitter_card":"summary_large_image","schema":{"@context":"https:\/\/schema.org","@graph":[{"@type":"WebPage","@id":"https:\/\/baukrane.pl\/ogolne-warunki-najmu-zurawi\/","url":"https:\/\/baukrane.pl\/ogolne-warunki-najmu-zurawi\/","name":"Og\u00f3lne Warunki Najmu \u017burawi - Baukrane","isPartOf":{"@id":"https:\/\/baukrane.pl\/#website"},"datePublished":"2026-03-13T10:57:36+00:00","dateModified":"2026-03-13T10:57:50+00:00","breadcrumb":{"@id":"https:\/\/baukrane.pl\/ogolne-warunki-najmu-zurawi\/#breadcrumb"},"inLanguage":"sk-SK","potentialAction":[{"@type":"ReadAction","target":["https:\/\/baukrane.pl\/ogolne-warunki-najmu-zurawi\/"]}]},{"@type":"BreadcrumbList","@id":"https:\/\/baukrane.pl\/ogolne-warunki-najmu-zurawi\/#breadcrumb","itemListElement":[{"@type":"ListItem","position":1,"name":"Strona g\u0142\u00f3wna","item":"https:\/\/baukrane.pl\/"},{"@type":"ListItem","position":2,"name":"Og\u00f3lne Warunki Najmu \u017burawi"}]},{"@type":"WebSite","@id":"https:\/\/baukrane.pl\/#website","url":"https:\/\/baukrane.pl\/","name":"Stavebn\u00fd \u017eeriav","description":"","potentialAction":[{"@type":"SearchAction","target":{"@type":"EntryPoint","urlTemplate":"https:\/\/baukrane.pl\/?s={search_term_string}"},"query-input":{"@type":"PropertyValueSpecification","valueRequired":true,"valueName":"search_term_string"}}],"inLanguage":"sk-SK"}]}},"_links":{"self":[{"href":"https:\/\/baukrane.pl\/sk\/wp-json\/wp\/v2\/pages\/1011","targetHints":{"allow":["GET"]}}],"collection":[{"href":"https:\/\/baukrane.pl\/sk\/wp-json\/wp\/v2\/pages"}],"about":[{"href":"https:\/\/baukrane.pl\/sk\/wp-json\/wp\/v2\/types\/page"}],"author":[{"embeddable":true,"href":"https:\/\/baukrane.pl\/sk\/wp-json\/wp\/v2\/users\/2"}],"replies":[{"embeddable":true,"href":"https:\/\/baukrane.pl\/sk\/wp-json\/wp\/v2\/comments?post=1011"}],"version-history":[{"count":1,"href":"https:\/\/baukrane.pl\/sk\/wp-json\/wp\/v2\/pages\/1011\/revisions"}],"predecessor-version":[{"id":1013,"href":"https:\/\/baukrane.pl\/sk\/wp-json\/wp\/v2\/pages\/1011\/revisions\/1013"}],"wp:attachment":[{"href":"https:\/\/baukrane.pl\/sk\/wp-json\/wp\/v2\/media?parent=1011"}],"curies":[{"name":"wp","href":"https:\/\/api.w.org\/{rel}","templated":true}]}}