{"id":3,"date":"2026-02-24T11:19:13","date_gmt":"2026-02-24T10:19:13","guid":{"rendered":"https:\/\/baukrane.empressia.dev\/?page_id=3"},"modified":"2026-03-10T14:57:16","modified_gmt":"2026-03-10T13:57:16","slug":"polityka-prywatnosci","status":"publish","type":"page","link":"https:\/\/baukrane.pl\/sk\/polityka-prywatnosci\/","title":{"rendered":"Polityka prywatno\u015bci"},"content":{"rendered":"<h2 class=\"wp-block-heading\">1. Informacje og\u00f3lne<\/h2>\n\n\n\n<ol class=\"wp-block-list\">\n<li>Niniejsza polityka dotyczy Serwisu www, funkcjonuj\u0105cego pod adresem url:\u00a0<strong>baukrane.pl<\/strong><\/li>\n\n\n\n<li>Operatorem serwisu oraz Administratorem danych osobowych jest: BAUKRANE Sp. z o.o. ul. Jana Keplera 36, 80-299 Gda\u0144sk<\/li>\n\n\n\n<li>Adres kontaktowy poczty elektronicznej operatora: <a href=\"mailto:biuro@baukrane.pl\">biuro@baukrane.pl<\/a><\/li>\n\n\n\n<li>Operator jest Administratorem Twoich danych osobowych w odniesieniu do danych podanych dobrowolnie w Serwisie.<\/li>\n\n\n\n<li>Serwis wykorzystuje dane osobowe w nast\u0119puj\u0105cych celach:\n<ul class=\"wp-block-list\">\n<li>Obs\u0142uga zapyta\u0144 przez formularz<\/li>\n<\/ul>\n<\/li>\n\n\n\n<li>Serwis realizuje funkcje pozyskiwania informacji o u\u017cytkownikach i ich zachowaniu w nast\u0119puj\u0105cy spos\u00f3b:<\/li>\n\n\n\n<li>Poprzez dobrowolnie wprowadzone w formularzach dane, kt\u00f3re zostaj\u0105 wprowadzone do system\u00f3w Operatora.<\/li>\n\n\n\n<li>Poprzez zapisywanie w urz\u0105dzeniach ko\u0144cowych plik\u00f3w cookie (tzw. \u201eciasteczka\u201d).<\/li>\n<\/ol>\n\n\n\n<h2 class=\"wp-block-heading\">2. Wybrane metody ochrony danych stosowane przez Operatora<\/h2>\n\n\n\n<ol class=\"wp-block-list\">\n<li>Miejsca logowania i wprowadzania danych osobowych s\u0105 chronione w warstwie transmisji (certyfikat SSL). Dzi\u0119ki temu dane osobowe i dane logowania, wprowadzone na stronie, zostaj\u0105 zaszyfrowane w komputerze u\u017cytkownika i mog\u0105 by\u0107 odczytane jedynie na docelowym serwerze.<\/li>\n\n\n\n<li>Operator okresowo zmienia swoje has\u0142a administracyjne.<\/li>\n\n\n\n<li>W celu ochrony danych Operator regularnie wykonuje kopie bezpiecze\u0144stwa.<\/li>\n\n\n\n<li>Istotnym elementem ochrony danych jest regularna aktualizacja wszelkiego oprogramowania, wykorzystywanego przez Operatora do przetwarzania danych osobowych, co w szczeg\u00f3lno\u015bci oznacza regularne aktualizacje komponent\u00f3w programistycznych.<\/li>\n<\/ol>\n\n\n\n<h2 class=\"wp-block-heading\">3. Hosting<\/h2>\n\n\n\n<ol class=\"wp-block-list\">\n<li>Serwis jest hostowany (technicznie utrzymywany) na serwerach operatora: inna firma<\/li>\n<\/ol>\n\n\n\n<h2 class=\"wp-block-heading\">4. Twoje prawa i dodatkowe informacje o sposobie wykorzystania danych<\/h2>\n\n\n\n<ol class=\"wp-block-list\">\n<li>W niekt\u00f3rych sytuacjach Administrator ma prawo przekazywa\u0107 Twoje dane osobowe innym odbiorcom, je\u015bli b\u0119dzie to niezb\u0119dne do wykonania zawartej z Tob\u0105 umowy lub do zrealizowania obowi\u0105zk\u00f3w ci\u0105\u017c\u0105cych na Administratorze. Dotyczy to takich grup odbiorc\u00f3w:\n<ul class=\"wp-block-list\">\n<li>upowa\u017cnieni pracownicy i wsp\u00f3\u0142pracownicy, kt\u00f3rzy korzystaj\u0105 z danych w celu realizacji celu dzia\u0142ania strony<\/li>\n<\/ul>\n<\/li>\n\n\n\n<li>Twoje dane osobowe przetwarzane przez Administratora nie d\u0142u\u017cej, ni\u017c jest to konieczne do wykonania zwi\u0105zanych z nimi czynno\u015bci okre\u015blonych osobnymi przepisami (np. o prowadzeniu rachunkowo\u015bci). W odniesieniu do danych marketingowych dane nie b\u0119d\u0105 przetwarzane d\u0142u\u017cej ni\u017c przez 3 lata.<\/li>\n\n\n\n<li>Przys\u0142uguje Ci prawo \u017c\u0105dania od Administratora:\n<ul class=\"wp-block-list\">\n<li>dost\u0119pu do danych osobowych Ciebie dotycz\u0105cych,<\/li>\n\n\n\n<li>ich sprostowania,<\/li>\n\n\n\n<li>usuni\u0119cia,<\/li>\n\n\n\n<li>ograniczenia przetwarzania,<\/li>\n\n\n\n<li>oraz przenoszenia danych.<\/li>\n<\/ul>\n<\/li>\n\n\n\n<li>Przys\u0142uguje Ci prawo do z\u0142o\u017cenia sprzeciwu w zakresie przetwarzania wskazanego w pkt 3.3 c) wobec przetwarzania danych osobowych w celu wykonania prawnie uzasadnionych interes\u00f3w realizowanych przez Administratora, w tym profilowania, przy czym prawo sprzeciwu nie b\u0119dzie mog\u0142o by\u0107 wykonane w przypadku istnienia wa\u017cnych prawnie uzasadnionych podstaw do przetwarzania, nadrz\u0119dnych wobec Ciebie interes\u00f3w, praw i wolno\u015bci, w szczeg\u00f3lno\u015bci ustalenia, dochodzenia lub obrony roszcze\u0144.<\/li>\n\n\n\n<li>Na dzia\u0142ania Administratora przys\u0142uguje skarga do Prezesa Urz\u0119du Ochrony Danych Osobowych, ul. Stawki 2, 00-193 Warszawa.<\/li>\n\n\n\n<li>Podanie danych osobowych jest dobrowolne, lecz niezb\u0119dne do obs\u0142ugi Serwisu.<\/li>\n\n\n\n<li>W stosunku do Ciebie mog\u0105 by\u0107 podejmowane czynno\u015bci polegaj\u0105ce na zautomatyzowanym podejmowaniu decyzji, w tym profilowaniu w celu \u015bwiadczenia us\u0142ug w ramach zawartej umowy oraz w celu prowadzenia przez Administratora marketingu bezpo\u015bredniego.<\/li>\n\n\n\n<li>Dane osobowe nie s\u0105 przekazywane od kraj\u00f3w trzecich w rozumieniu przepis\u00f3w o ochronie danych osobowych. Oznacza to, \u017ce nie przesy\u0142amy ich poza teren Unii Europejskiej.<\/li>\n<\/ol>\n\n\n\n<h2 class=\"wp-block-heading\">5. Informacje w formularzach<\/h2>\n\n\n\n<ol class=\"wp-block-list\">\n<li>Serwis zbiera informacje podane dobrowolnie przez u\u017cytkownika, w tym dane osobowe, o ile zostan\u0105 one podane.<\/li>\n\n\n\n<li>Serwis mo\u017ce zapisa\u0107 informacje o parametrach po\u0142\u0105czenia (oznaczenie czasu, adres IP).<\/li>\n\n\n\n<li>Serwis, w niekt\u00f3rych wypadkach, mo\u017ce zapisa\u0107 informacj\u0119 u\u0142atwiaj\u0105c\u0105 powi\u0105zanie danych w formularzu z adresem e-mail u\u017cytkownika wype\u0142niaj\u0105cego formularz. W takim wypadku adres e-mail u\u017cytkownika pojawia si\u0119 wewn\u0105trz adresu url strony zawieraj\u0105cej formularz.<\/li>\n\n\n\n<li>Dane podane w formularzu s\u0105 przetwarzane w celu wynikaj\u0105cym z funkcji konkretnego formularza, np. w celu dokonania procesu obs\u0142ugi zg\u0142oszenia serwisowego lub kontaktu handlowego, rejestracji us\u0142ug itp. Ka\u017cdorazowo kontekst i opis formularza w czytelny spos\u00f3b informuje, do czego on s\u0142u\u017cy.<\/li>\n<\/ol>\n\n\n\n<h2 class=\"wp-block-heading\">6. Logi Administratora<\/h2>\n\n\n\n<ol class=\"wp-block-list\">\n<li>Informacje zachowaniu u\u017cytkownik\u00f3w w serwisie mog\u0105 podlega\u0107 logowaniu. Dane te s\u0105 wykorzystywane w celu administrowania serwisem.<\/li>\n<\/ol>\n\n\n\n<h2 class=\"wp-block-heading\">7. Istotne techniki marketingowe<\/h2>\n\n\n\n<ol class=\"wp-block-list\">\n<li>Operator stosuje analiz\u0119 statystyczn\u0105 ruchu na stronie, poprzez Google Analytics (Google Inc. z siedzib\u0105 w USA). Operator nie przekazuje do operatora tej us\u0142ugi danych osobowych, a jedynie zanonimizowane informacje. Us\u0142uga bazuje na wykorzystaniu ciasteczek w urz\u0105dzeniu ko\u0144cowym u\u017cytkownika. W zakresie informacji o preferencjach u\u017cytkownika gromadzonych przez sie\u0107 reklamow\u0105 Google u\u017cytkownik mo\u017ce przegl\u0105da\u0107 i edytowa\u0107 informacje wynikaj\u0105ce z plik\u00f3w cookies przy pomocy narz\u0119dzia: <a href=\"https:\/\/www.google.com\/ads\/preferences\/\">https:\/\/www.google.com\/ads\/preferences\/<\/a><\/li>\n\n\n\n<li>Operator stosuje korzysta z piksela Facebooka. Ta technologia powoduje, \u017ce serwis Facebook (Facebook Inc. z siedzib\u0105 w USA) wie, \u017ce dana osoba w nim zarejestrowana korzysta z Serwisu. Bazuje w tym wypadku na danych, wobec kt\u00f3rych sam jest administratorem, Operator nie przekazuje od siebie \u017cadnych dodatkowych danych osobowych serwisowi Facebook. Us\u0142uga bazuje na wykorzystaniu ciasteczek w urz\u0105dzeniu ko\u0144cowym u\u017cytkownika.<\/li>\n<\/ol>\n\n\n\n<h2 class=\"wp-block-heading\">8. Informacja o plikach cookies<\/h2>\n\n\n\n<ol class=\"wp-block-list\">\n<li>Serwis korzysta z plik\u00f3w cookies.<\/li>\n\n\n\n<li>Pliki cookies (tzw. \u201eciasteczka\u201d) stanowi\u0105 dane informatyczne, w szczeg\u00f3lno\u015bci pliki tekstowe, kt\u00f3re przechowywane s\u0105 w urz\u0105dzeniu ko\u0144cowym U\u017cytkownika Serwisu i przeznaczone s\u0105 do korzystania ze stron internetowych Serwisu. Cookies zazwyczaj zawieraj\u0105 nazw\u0119 strony internetowej, z kt\u00f3rej pochodz\u0105, czas przechowywania ich na urz\u0105dzeniu ko\u0144cowym oraz unikalny numer.<\/li>\n\n\n\n<li>Podmiotem zamieszczaj\u0105cym na urz\u0105dzeniu ko\u0144cowym U\u017cytkownika Serwisu pliki cookies oraz uzyskuj\u0105cym do nich dost\u0119p jest operator Serwisu.<\/li>\n\n\n\n<li>Pliki cookies wykorzystywane s\u0105 w nast\u0119puj\u0105cych celach:\n<ol style=\"list-style-type:lower-alpha\" class=\"wp-block-list\">\n<li>utrzymanie sesji u\u017cytkownika Serwisu (po zalogowaniu), dzi\u0119ki kt\u00f3rej u\u017cytkownik nie musi na ka\u017cdej podstronie Serwisu ponownie wpisywa\u0107 loginu i has\u0142a;<\/li>\n\n\n\n<li>realizacji cel\u00f3w okre\u015blonych powy\u017cej w cz\u0119\u015bci \u201eIstotne techniki marketingowe\u201d;<\/li>\n<\/ol>\n<\/li>\n\n\n\n<li>W ramach Serwisu stosowane s\u0105 dwa zasadnicze rodzaje plik\u00f3w cookies: \u201esesyjne\u201d (session cookies) oraz \u201esta\u0142e\u201d (persistent cookies). Cookies \u201esesyjne\u201d s\u0105 plikami tymczasowymi, kt\u00f3re przechowywane s\u0105 w urz\u0105dzeniu ko\u0144cowym U\u017cytkownika do czasu wylogowania, opuszczenia strony internetowej lub wy\u0142\u0105czenia oprogramowania (przegl\u0105darki internetowej). \u201eSta\u0142e\u201d pliki cookies przechowywane s\u0105 w urz\u0105dzeniu ko\u0144cowym U\u017cytkownika przez czas okre\u015blony w parametrach plik\u00f3w cookies lub do czasu ich usuni\u0119cia przez U\u017cytkownika.<\/li>\n\n\n\n<li>Oprogramowanie do przegl\u0105dania stron internetowych (przegl\u0105darka internetowa) zazwyczaj domy\u015blnie dopuszcza przechowywanie plik\u00f3w cookies w urz\u0105dzeniu ko\u0144cowym U\u017cytkownika. U\u017cytkownicy Serwisu mog\u0105 dokona\u0107 zmiany ustawie\u0144 w tym zakresie.\u00a0Przegl\u0105darka internetowa umo\u017cliwia usuni\u0119cie plik\u00f3w cookies. Mo\u017cliwe jest tak\u017ce automatyczne blokowanie plik\u00f3w cookies Szczeg\u00f3\u0142owe informacje na ten temat zawiera pomoc lub dokumentacja przegl\u0105darki internetowej.<\/li>\n\n\n\n<li>Ograniczenia stosowania plik\u00f3w cookies mog\u0105 wp\u0142yn\u0105\u0107 na niekt\u00f3re funkcjonalno\u015bci dost\u0119pne na stronach internetowych Serwisu.<\/li>\n\n\n\n<li>Pliki cookies zamieszczane w urz\u0105dzeniu ko\u0144cowym U\u017cytkownika Serwisu wykorzystywane mog\u0105 by\u0107 r\u00f3wnie\u017c przez wsp\u00f3\u0142pracuj\u0105ce z operatorem Serwisu podmioty, w szczeg\u00f3lno\u015bci dotyczy to firm: Google (Google Inc. z siedzib\u0105 w USA), Facebook (Facebook Inc. z siedzib\u0105 w USA), Twitter (Twitter Inc. z siedzib\u0105 w USA).<\/li>\n<\/ol>\n\n\n\n<h2 class=\"wp-block-heading\">9. Zarz\u0105dzanie plikami cookies \u2013 jak w praktyce wyra\u017ca\u0107 i cofa\u0107 zgod\u0119?<\/h2>\n\n\n\n<ol class=\"wp-block-list\">\n<li>Je\u015bli u\u017cytkownik nie chce otrzymywa\u0107 plik\u00f3w cookies, mo\u017ce zmieni\u0107 ustawienia przegl\u0105darki. Zastrzegamy, \u017ce wy\u0142\u0105czenie obs\u0142ugi plik\u00f3w cookies niezb\u0119dnych dla proces\u00f3w uwierzytelniania, bezpiecze\u0144stwa, utrzymania preferencji u\u017cytkownika mo\u017ce utrudni\u0107,\u00a0a w skrajnych przypadkach mo\u017ce uniemo\u017cliwi\u0107 korzystanie ze stron www<\/li>\n\n\n\n<li>W celu zarz\u0105dzania ustawienia cookies wybierz z listy poni\u017cej przegl\u0105dark\u0119 internetow\u0105, kt\u00f3rej u\u017cywasz i post\u0119puj zgodnie z instrukcjami:\n<ul class=\"wp-block-list\">\n<li>Edge<\/li>\n\n\n\n<li>Internet Explorer<\/li>\n\n\n\n<li>Chrome<\/li>\n\n\n\n<li>Safari<\/li>\n\n\n\n<li>Firefox<\/li>\n\n\n\n<li>Opera<\/li>\n<\/ul>\n<\/li>\n\n\n\n<li>Urz\u0105dzenia mobilne:\n<ul class=\"wp-block-list\">\n<li>Android<\/li>\n\n\n\n<li>Safari (iOS)<\/li>\n\n\n\n<li>Windows Phone<\/li>\n<\/ul>\n<\/li>\n<\/ol>","protected":false},"excerpt":{"rendered":"1. Informacje og\u00f3lne 2. Wybrane metody ochrony danych stosowane przez Operatora 3. Hosting 4. Twoje prawa i dodatkowe informacje o sposobie wykorzystania danych 5. Informacje w formularzach 6. Logi Administratora 7. Istotne techniki marketingowe 8. Informacja o plikach cookies 9. Zarz\u0105dzanie plikami cookies \u2013 jak w praktyce wyra\u017ca\u0107 i cofa\u0107 zgod\u0119?","protected":false},"author":1,"featured_media":0,"parent":0,"menu_order":0,"comment_status":"closed","ping_status":"open","template":"","meta":{"_acf_changed":false,"footnotes":""},"class_list":["post-3","page","type-page","status-publish","hentry"],"acf":[],"yoast_head":"<!-- This site is optimized with the Yoast SEO plugin v27.4 - https:\/\/yoast.com\/product\/yoast-seo-wordpress\/ -->\n<title>Polityka prywatno\u015bci - Baukrane<\/title>\n<meta name=\"robots\" content=\"index, follow, max-snippet:-1, max-image-preview:large, max-video-preview:-1\" \/>\n<link rel=\"canonical\" href=\"https:\/\/baukrane.pl\/sk\/polityka-prywatnosci\/\" \/>\n<meta property=\"og:locale\" content=\"sk_SK\" \/>\n<meta property=\"og:type\" content=\"article\" \/>\n<meta property=\"og:title\" content=\"Polityka prywatno\u015bci - Baukrane\" \/>\n<meta property=\"og:description\" content=\"1. Informacje og\u00f3lne 2. Wybrane metody ochrony danych stosowane przez Operatora 3. Hosting 4. Twoje prawa i dodatkowe informacje o sposobie wykorzystania danych 5. Informacje w formularzach 6. Logi Administratora 7. Istotne techniki marketingowe 8. Informacja o plikach cookies 9. Zarz\u0105dzanie plikami cookies \u2013 jak w praktyce wyra\u017ca\u0107 i cofa\u0107 zgod\u0119?\" \/>\n<meta property=\"og:url\" content=\"https:\/\/baukrane.pl\/sk\/polityka-prywatnosci\/\" \/>\n<meta property=\"og:site_name\" content=\"Baukrane\" \/>\n<meta property=\"article:modified_time\" content=\"2026-03-10T13:57:16+00:00\" \/>\n<meta name=\"twitter:card\" content=\"summary_large_image\" \/>\n<meta name=\"twitter:label1\" content=\"Predpokladan\u00fd \u010das \u010d\u00edtania\" \/>\n\t<meta name=\"twitter:data1\" content=\"7 min\u00fat\" \/>\n<script type=\"application\/ld+json\" class=\"yoast-schema-graph\">{\"@context\":\"https:\\\/\\\/schema.org\",\"@graph\":[{\"@type\":\"WebPage\",\"@id\":\"https:\\\/\\\/baukrane.pl\\\/polityka-prywatnosci\\\/\",\"url\":\"https:\\\/\\\/baukrane.pl\\\/polityka-prywatnosci\\\/\",\"name\":\"Polityka prywatno\u015bci - Baukrane\",\"isPartOf\":{\"@id\":\"https:\\\/\\\/baukrane.pl\\\/#website\"},\"datePublished\":\"2026-02-24T10:19:13+00:00\",\"dateModified\":\"2026-03-10T13:57:16+00:00\",\"breadcrumb\":{\"@id\":\"https:\\\/\\\/baukrane.pl\\\/polityka-prywatnosci\\\/#breadcrumb\"},\"inLanguage\":\"sk-SK\",\"potentialAction\":[{\"@type\":\"ReadAction\",\"target\":[\"https:\\\/\\\/baukrane.pl\\\/polityka-prywatnosci\\\/\"]}]},{\"@type\":\"BreadcrumbList\",\"@id\":\"https:\\\/\\\/baukrane.pl\\\/polityka-prywatnosci\\\/#breadcrumb\",\"itemListElement\":[{\"@type\":\"ListItem\",\"position\":1,\"name\":\"Strona g\u0142\u00f3wna\",\"item\":\"https:\\\/\\\/baukrane.pl\\\/\"},{\"@type\":\"ListItem\",\"position\":2,\"name\":\"Polityka prywatno\u015bci\"}]},{\"@type\":\"WebSite\",\"@id\":\"https:\\\/\\\/baukrane.pl\\\/#website\",\"url\":\"https:\\\/\\\/baukrane.pl\\\/\",\"name\":\"Baukrane\",\"description\":\"\",\"potentialAction\":[{\"@type\":\"SearchAction\",\"target\":{\"@type\":\"EntryPoint\",\"urlTemplate\":\"https:\\\/\\\/baukrane.pl\\\/?s={search_term_string}\"},\"query-input\":{\"@type\":\"PropertyValueSpecification\",\"valueRequired\":true,\"valueName\":\"search_term_string\"}}],\"inLanguage\":\"sk-SK\"}]}<\/script>\n<!-- \/ Yoast SEO plugin. -->","yoast_head_json":{"title":"Polityka prywatno\u015bci - Baukrane","robots":{"index":"index","follow":"follow","max-snippet":"max-snippet:-1","max-image-preview":"max-image-preview:large","max-video-preview":"max-video-preview:-1"},"canonical":"https:\/\/baukrane.pl\/sk\/polityka-prywatnosci\/","og_locale":"sk_SK","og_type":"article","og_title":"Polityka prywatno\u015bci - Baukrane","og_description":"1. Informacje og\u00f3lne 2. Wybrane metody ochrony danych stosowane przez Operatora 3. Hosting 4. Twoje prawa i dodatkowe informacje o sposobie wykorzystania danych 5. Informacje w formularzach 6. Logi Administratora 7. Istotne techniki marketingowe 8. Informacja o plikach cookies 9. Zarz\u0105dzanie plikami cookies \u2013 jak w praktyce wyra\u017ca\u0107 i cofa\u0107 zgod\u0119?","og_url":"https:\/\/baukrane.pl\/sk\/polityka-prywatnosci\/","og_site_name":"Baukrane","article_modified_time":"2026-03-10T13:57:16+00:00","twitter_card":"summary_large_image","twitter_misc":{"Predpokladan\u00fd \u010das \u010d\u00edtania":"7 min\u00fat"},"schema":{"@context":"https:\/\/schema.org","@graph":[{"@type":"WebPage","@id":"https:\/\/baukrane.pl\/polityka-prywatnosci\/","url":"https:\/\/baukrane.pl\/polityka-prywatnosci\/","name":"Polityka prywatno\u015bci - Baukrane","isPartOf":{"@id":"https:\/\/baukrane.pl\/#website"},"datePublished":"2026-02-24T10:19:13+00:00","dateModified":"2026-03-10T13:57:16+00:00","breadcrumb":{"@id":"https:\/\/baukrane.pl\/polityka-prywatnosci\/#breadcrumb"},"inLanguage":"sk-SK","potentialAction":[{"@type":"ReadAction","target":["https:\/\/baukrane.pl\/polityka-prywatnosci\/"]}]},{"@type":"BreadcrumbList","@id":"https:\/\/baukrane.pl\/polityka-prywatnosci\/#breadcrumb","itemListElement":[{"@type":"ListItem","position":1,"name":"Strona g\u0142\u00f3wna","item":"https:\/\/baukrane.pl\/"},{"@type":"ListItem","position":2,"name":"Polityka prywatno\u015bci"}]},{"@type":"WebSite","@id":"https:\/\/baukrane.pl\/#website","url":"https:\/\/baukrane.pl\/","name":"Stavebn\u00fd \u017eeriav","description":"","potentialAction":[{"@type":"SearchAction","target":{"@type":"EntryPoint","urlTemplate":"https:\/\/baukrane.pl\/?s={search_term_string}"},"query-input":{"@type":"PropertyValueSpecification","valueRequired":true,"valueName":"search_term_string"}}],"inLanguage":"sk-SK"}]}},"_links":{"self":[{"href":"https:\/\/baukrane.pl\/sk\/wp-json\/wp\/v2\/pages\/3","targetHints":{"allow":["GET"]}}],"collection":[{"href":"https:\/\/baukrane.pl\/sk\/wp-json\/wp\/v2\/pages"}],"about":[{"href":"https:\/\/baukrane.pl\/sk\/wp-json\/wp\/v2\/types\/page"}],"author":[{"embeddable":true,"href":"https:\/\/baukrane.pl\/sk\/wp-json\/wp\/v2\/users\/1"}],"replies":[{"embeddable":true,"href":"https:\/\/baukrane.pl\/sk\/wp-json\/wp\/v2\/comments?post=3"}],"version-history":[{"count":2,"href":"https:\/\/baukrane.pl\/sk\/wp-json\/wp\/v2\/pages\/3\/revisions"}],"predecessor-version":[{"id":899,"href":"https:\/\/baukrane.pl\/sk\/wp-json\/wp\/v2\/pages\/3\/revisions\/899"}],"wp:attachment":[{"href":"https:\/\/baukrane.pl\/sk\/wp-json\/wp\/v2\/media?parent=3"}],"curies":[{"name":"wp","href":"https:\/\/api.w.org\/{rel}","templated":true}]}}